{"id":1299,"date":"2024-02-07T15:28:50","date_gmt":"2024-02-07T15:28:50","guid":{"rendered":"https:\/\/kodigodiprotekshon.com\/revistanan\/"},"modified":"2024-04-19T21:53:24","modified_gmt":"2024-04-19T21:53:24","slug":"revistanan","status":"publish","type":"page","link":"https:\/\/kodigodiprotekshon.com\/pap\/revistanan\/","title":{"rendered":"Revistanan"},"content":{"rendered":"<p>[et_pb_section fb_built=&#8221;1&#8243; disabled_on=&#8221;on|on|off&#8221; _builder_version=&#8221;4.24.0&#8243; _module_preset=&#8221;default&#8221; background_color=&#8221;gcid-1e82f258-9385-4a59-a582-da4be9d2dfd4&#8243; background_image=&#8221;https:\/\/kodigo.wp.kukiko.com\/wp-content\/uploads\/sites\/3\/2023\/02\/pattern-white2.png&#8221; background_size=&#8221;contain&#8221; background_position=&#8221;bottom_center&#8221; locked=&#8221;off&#8221; global_colors_info=&#8221;{%22gcid-1e82f258-9385-4a59-a582-da4be9d2dfd4%22:%91%22background_color%22%93}&#8221;][et_pb_row column_structure=&#8221;1_6,1_6,1_6,1_2&#8243; _builder_version=&#8221;4.24.0&#8243; _module_preset=&#8221;default&#8221; width=&#8221;100%&#8221; custom_padding=&#8221;30px|60px|0px|60px|false|true&#8221; global_colors_info=&#8221;{}&#8221;][et_pb_column type=&#8221;1_6&#8243; _builder_version=&#8221;4.24.0&#8243; _module_preset=&#8221;default&#8221; global_colors_info=&#8221;{}&#8221;][et_pb_image src=&#8221;https:\/\/kodigo.wp.kukiko.com\/wp-content\/uploads\/sites\/3\/2024\/02\/kurashi-professionals4.png&#8221; title_text=&#8221;kurashi-professionals4&#8243; _builder_version=&#8221;4.24.0&#8243; _module_preset=&#8221;default&#8221; global_colors_info=&#8221;{}&#8221;][\/et_pb_image][\/et_pb_column][et_pb_column type=&#8221;1_6&#8243; _builder_version=&#8221;4.24.0&#8243; _module_preset=&#8221;default&#8221; global_colors_info=&#8221;{}&#8221;][et_pb_image src=&#8221;https:\/\/kodigo.wp.kukiko.com\/wp-content\/uploads\/sites\/3\/2024\/02\/kurashi-professionals2.png&#8221; title_text=&#8221;kurashi-professionals2&#8243; _builder_version=&#8221;4.24.0&#8243; _module_preset=&#8221;default&#8221; global_colors_info=&#8221;{}&#8221;][\/et_pb_image][\/et_pb_column][et_pb_column type=&#8221;1_6&#8243; _builder_version=&#8221;4.24.0&#8243; _module_preset=&#8221;default&#8221; global_colors_info=&#8221;{}&#8221;][et_pb_image src=&#8221;https:\/\/kodigo.wp.kukiko.com\/wp-content\/uploads\/sites\/3\/2024\/02\/kurashi-professionals1.png&#8221; title_text=&#8221;kurashi-professionals1&#8243; _builder_version=&#8221;4.24.0&#8243; _module_preset=&#8221;default&#8221; global_colors_info=&#8221;{}&#8221;][\/et_pb_image][\/et_pb_column][et_pb_column type=&#8221;1_2&#8243; _builder_version=&#8221;4.24.0&#8243; _module_preset=&#8221;default&#8221; custom_padding=&#8221;35px||||false|false&#8221; global_colors_info=&#8221;{}&#8221;][et_pb_text _builder_version=&#8221;4.24.0&#8243; _module_preset=&#8221;default&#8221; text_text_color=&#8221;gcid-9835d93e-354f-4cfe-9358-96477f1560f9&#8243; text_font_size=&#8221;17px&#8221; header_text_color=&#8221;#FFFFFF&#8221; header_font_size=&#8221;37px&#8221; header_line_height=&#8221;1.5em&#8221; global_colors_info=&#8221;{%22gcid-9835d93e-354f-4cfe-9358-96477f1560f9%22:%91%22text_text_color%22%93}&#8221;]<\/p>\n<h1 style=\"text-align: left;\"><strong>Revistanan<br \/><\/strong>tokante kresementu seif<\/h1>\n<p>[\/et_pb_text][\/et_pb_column][\/et_pb_row][\/et_pb_section][et_pb_section fb_built=&#8221;1&#8243; disabled_on=&#8221;off|off|on&#8221; _builder_version=&#8221;4.24.0&#8243; _module_preset=&#8221;default&#8221; background_color=&#8221;gcid-1e82f258-9385-4a59-a582-da4be9d2dfd4&#8243; background_image=&#8221;https:\/\/kodigo.wp.kukiko.com\/wp-content\/uploads\/sites\/3\/2023\/02\/pattern-white2.png&#8221; background_size=&#8221;contain&#8221; background_position=&#8221;bottom_center&#8221; locked=&#8221;off&#8221; global_colors_info=&#8221;{%22gcid-1e82f258-9385-4a59-a582-da4be9d2dfd4%22:%91%22background_color%22%93}&#8221;][et_pb_row _builder_version=&#8221;4.24.0&#8243; _module_preset=&#8221;default&#8221; width=&#8221;100%&#8221; custom_padding=&#8221;60px|60px|0px|60px|false|true&#8221; global_colors_info=&#8221;{}&#8221;][et_pb_column type=&#8221;4_4&#8243; _builder_version=&#8221;4.24.0&#8243; _module_preset=&#8221;default&#8221; global_colors_info=&#8221;{}&#8221;][et_pb_text _builder_version=&#8221;4.24.0&#8243; _module_preset=&#8221;default&#8221; text_text_color=&#8221;gcid-9835d93e-354f-4cfe-9358-96477f1560f9&#8243; text_font_size=&#8221;17px&#8221; header_text_color=&#8221;#FFFFFF&#8221; header_font_size=&#8221;37px&#8221; header_line_height=&#8221;1.5em&#8221; global_colors_info=&#8221;{%22gcid-9835d93e-354f-4cfe-9358-96477f1560f9%22:%91%22text_text_color%22%93}&#8221;]<\/p>\n<h1 style=\"text-align: center;\"><strong>Revistanan<br \/><\/strong>tokante kresementu seif<\/h1>\n<p>[\/et_pb_text][\/et_pb_column][\/et_pb_row][et_pb_row column_structure=&#8221;1_5,1_5,1_5,1_5,1_5&#8243; use_custom_gutter=&#8221;on&#8221; gutter_width=&#8221;1&#8243; custom_padding_last_edited=&#8221;on|tablet&#8221; _builder_version=&#8221;4.24.0&#8243; _module_preset=&#8221;default&#8221; width=&#8221;100%&#8221; module_alignment=&#8221;center&#8221; custom_padding=&#8221;30px|60px|0px|60px|false|true&#8221; custom_padding_tablet=&#8221;30px|30px|0px|30px|false|false&#8221; custom_padding_phone=&#8221;30px|30px|0px|30px|false|false&#8221; global_colors_info=&#8221;{}&#8221;][et_pb_column type=&#8221;1_5&#8243; _builder_version=&#8221;4.24.0&#8243; _module_preset=&#8221;default&#8221; custom_css_main_element=&#8221;width:20%!important;&#8221; global_colors_info=&#8221;{}&#8221;][et_pb_image src=&#8221;https:\/\/kodigo.wp.kukiko.com\/wp-content\/uploads\/sites\/3\/2024\/02\/transp.png&#8221; title_text=&#8221;transp&#8221; _builder_version=&#8221;4.24.0&#8243; _module_preset=&#8221;default&#8221; global_colors_info=&#8221;{}&#8221;][\/et_pb_image][\/et_pb_column][et_pb_column type=&#8221;1_5&#8243; _builder_version=&#8221;4.24.0&#8243; _module_preset=&#8221;default&#8221; custom_css_main_element=&#8221;width:20%!important;&#8221; global_colors_info=&#8221;{}&#8221;][et_pb_image src=&#8221;https:\/\/kodigo.wp.kukiko.com\/wp-content\/uploads\/sites\/3\/2024\/02\/kurashi-professionals4.png&#8221; title_text=&#8221;kurashi-professionals4&#8243; _builder_version=&#8221;4.24.0&#8243; _module_preset=&#8221;default&#8221; global_colors_info=&#8221;{}&#8221;][\/et_pb_image][\/et_pb_column][et_pb_column type=&#8221;1_5&#8243; _builder_version=&#8221;4.24.0&#8243; _module_preset=&#8221;default&#8221; custom_css_main_element=&#8221;width:20%!important;&#8221; global_colors_info=&#8221;{}&#8221;][et_pb_image src=&#8221;https:\/\/kodigo.wp.kukiko.com\/wp-content\/uploads\/sites\/3\/2024\/02\/kurashi-professionals2.png&#8221; title_text=&#8221;kurashi-professionals2&#8243; _builder_version=&#8221;4.24.0&#8243; _module_preset=&#8221;default&#8221; global_colors_info=&#8221;{}&#8221;][\/et_pb_image][\/et_pb_column][et_pb_column type=&#8221;1_5&#8243; _builder_version=&#8221;4.24.0&#8243; _module_preset=&#8221;default&#8221; custom_css_main_element=&#8221;width:20%!important;&#8221; global_colors_info=&#8221;{}&#8221;][et_pb_image src=&#8221;https:\/\/kodigo.wp.kukiko.com\/wp-content\/uploads\/sites\/3\/2024\/02\/kurashi-professionals1.png&#8221; title_text=&#8221;kurashi-professionals1&#8243; _builder_version=&#8221;4.24.0&#8243; _module_preset=&#8221;default&#8221; global_colors_info=&#8221;{}&#8221;][\/et_pb_image][\/et_pb_column][et_pb_column type=&#8221;1_5&#8243; _builder_version=&#8221;4.24.0&#8243; _module_preset=&#8221;default&#8221; custom_css_main_element=&#8221;width:20%!important;&#8221; global_colors_info=&#8221;{}&#8221;][et_pb_image src=&#8221;https:\/\/kodigo.wp.kukiko.com\/wp-content\/uploads\/sites\/3\/2024\/02\/transp.png&#8221; title_text=&#8221;transp&#8221; _builder_version=&#8221;4.24.0&#8243; _module_preset=&#8221;default&#8221; global_colors_info=&#8221;{}&#8221;][\/et_pb_image][\/et_pb_column][\/et_pb_row][\/et_pb_section][et_pb_section fb_built=&#8221;1&#8243; _builder_version=&#8221;4.24.0&#8243; _module_preset=&#8221;default&#8221; background_color=&#8221;gcid-89b8bf5c-a3c8-4ce3-84e3-7a95b8fb84dd&#8221; locked=&#8221;off&#8221; global_colors_info=&#8221;{%22gcid-89b8bf5c-a3c8-4ce3-84e3-7a95b8fb84dd%22:%91%22background_color%22%93}&#8221;][et_pb_row _builder_version=&#8221;4.24.0&#8243; _module_preset=&#8221;default&#8221; width=&#8221;100%&#8221; custom_padding=&#8221;60px|60px|60px|60px|true|true&#8221; global_colors_info=&#8221;{}&#8221;][et_pb_column type=&#8221;4_4&#8243; _builder_version=&#8221;4.24.0&#8243; _module_preset=&#8221;default&#8221; global_colors_info=&#8221;{}&#8221;][et_pb_text _builder_version=&#8221;4.24.0&#8243; _module_preset=&#8221;default&#8221; text_text_color=&#8221;gcid-9835d93e-354f-4cfe-9358-96477f1560f9&#8243; text_font_size=&#8221;16px&#8221; link_option_url_new_window=&#8221;on&#8221; global_colors_info=&#8221;{%22gcid-9835d93e-354f-4cfe-9358-96477f1560f9%22:%91%22text_text_color%22%93}&#8221;]E Revista Kurashi ta un revista nobo tokante di kresementu seif i prevenshon di maltrato di mucha i violensia relashonal. Kurashi ta para pa kurashi, perseveransia, tribilidat i forsa mental \u00f2f moral serka v\u00edktimanan di maltrato di mucha i violensia relashonal ku tin e kurashi pa buska ayudo. Pero tambe pa profeshonalnan ku tin e forsa moral pa atend\u00e9 ku tipo di temanan komplik\u00e1 i no ta disimul\u00e1 ora nan enkontr\u00e1 nan.<br \/>\n[\/et_pb_text][\/et_pb_column][\/et_pb_row][\/et_pb_section][et_pb_section fb_built=&#8221;1&#8243; _builder_version=&#8221;4.19.5&#8243; _module_preset=&#8221;default&#8221; global_colors_info=&#8221;{}&#8221;][et_pb_row column_structure=&#8221;1_3,1_3,1_3&#8243; _builder_version=&#8221;4.24.0&#8243; _module_preset=&#8221;default&#8221; background_enable_color=&#8221;off&#8221; background_enable_image=&#8221;off&#8221; background_size=&#8221;initial&#8221; background_position=&#8221;bottom_right&#8221; background_repeat=&#8221;repeat-y&#8221; width=&#8221;100%&#8221; custom_padding=&#8221;30px|30px||30px|false|true&#8221; global_colors_info=&#8221;{%22gcid-9835d93e-354f-4cfe-9358-96477f1560f9%22:%91%22background_color%22,%22background_color%22%93}&#8221;][et_pb_column type=&#8221;1_3&#8243; _builder_version=&#8221;4.24.0&#8243; _module_preset=&#8221;default&#8221; custom_padding=&#8221;30px|3%|30px|3%|true|true&#8221; global_colors_info=&#8221;{}&#8221;][et_pb_image src=&#8221;https:\/\/kodigo.wp.kukiko.com\/wp-content\/uploads\/sites\/3\/2024\/04\/kurashi-pap.jpeg&#8221; title_text=&#8221;kurashi-pap&#8221; url=&#8221;https:\/\/www.kurashicuracao.com\/pap\/portada-di-revista&#8221; url_new_window=&#8221;on&#8221; _builder_version=&#8221;4.24.3&#8243; _module_preset=&#8221;default&#8221; global_colors_info=&#8221;{}&#8221;][\/et_pb_image][et_pb_text _builder_version=&#8221;4.24.3&#8243; _module_preset=&#8221;default&#8221; link_option_url=&#8221;https:\/\/www.kurashicuracao.com\/pap\/portada-di-revista&#8221; link_option_url_new_window=&#8221;on&#8221; global_colors_info=&#8221;{}&#8221;]<\/p>\n<h3 style=\"text-align: center;\">Kurashi<\/h3>\n<h4 style=\"text-align: center;\">Revista pa kresementu di forma seif PAP<\/h4>\n<p>[\/et_pb_text][\/et_pb_column][et_pb_column type=&#8221;1_3&#8243; _builder_version=&#8221;4.19.5&#8243; _module_preset=&#8221;default&#8221; custom_padding=&#8221;30px|3%|30px|3%|true|true&#8221; global_colors_info=&#8221;{}&#8221;][et_pb_image src=&#8221;https:\/\/kodigo.wp.kukiko.com\/wp-content\/uploads\/sites\/3\/2024\/02\/kurashi-nl.png&#8221; title_text=&#8221;kurashi-nl&#8221; url=&#8221;https:\/\/www.kurashicuracao.com\/nl&#8221; url_new_window=&#8221;on&#8221; _builder_version=&#8221;4.24.0&#8243; _module_preset=&#8221;default&#8221; global_colors_info=&#8221;{}&#8221;][\/et_pb_image][et_pb_text _builder_version=&#8221;4.24.0&#8243; _module_preset=&#8221;default&#8221; link_option_url=&#8221;https:\/\/www.kurashicuracao.com\/nl&#8221; link_option_url_new_window=&#8221;on&#8221; global_colors_info=&#8221;{}&#8221;]<\/p>\n<h3 style=\"text-align: center;\">Kurashi<\/h3>\n<h4 style=\"text-align: center;\">Magazine voor veilig opgroeien NL<\/h4>\n<p>[\/et_pb_text][\/et_pb_column][et_pb_column type=&#8221;1_3&#8243; _builder_version=&#8221;4.19.5&#8243; _module_preset=&#8221;default&#8221; custom_padding=&#8221;30px|3%|30px|3%|true|false&#8221; global_colors_info=&#8221;{}&#8221;][et_pb_image src=&#8221;https:\/\/kodigo.wp.kukiko.com\/wp-content\/uploads\/sites\/3\/2024\/02\/kurashi-en.jpg&#8221; title_text=&#8221;kurashi-en&#8221; url=&#8221;https:\/\/www.kurashicuracao.com\/eng&#8221; url_new_window=&#8221;on&#8221; _builder_version=&#8221;4.24.1&#8243; _module_preset=&#8221;default&#8221; global_colors_info=&#8221;{}&#8221;][\/et_pb_image][et_pb_text _builder_version=&#8221;4.24.1&#8243; _module_preset=&#8221;default&#8221; link_option_url=&#8221;https:\/\/www.kurashicuracao.com\/eng&#8221; link_option_url_new_window=&#8221;on&#8221; global_colors_info=&#8221;{}&#8221;]<\/p>\n<h3 style=\"text-align: center;\">Kurashi<\/h3>\n<h4 style=\"text-align: center;\">Magazine for growing up safely EN<\/h4>\n<p>[\/et_pb_text][\/et_pb_column][\/et_pb_row][\/et_pb_section]<\/p>\n","protected":false},"excerpt":{"rendered":"<p>Revistanantokante kresementu seifRevistanantokante kresementu seifE Revista Kurashi ta un revista nobo tokante di kresementu seif i prevenshon di maltrato di mucha i violensia relashonal. Kurashi ta para pa kurashi, perseveransia, tribilidat i forsa mental \u00f2f moral serka v\u00edktimanan di maltrato di mucha i violensia relashonal ku tin e kurashi pa buska ayudo. Pero tambe pa [&hellip;]<\/p>\n","protected":false},"author":6,"featured_media":1303,"parent":0,"menu_order":270,"comment_status":"closed","ping_status":"closed","template":"","meta":{"_et_pb_use_builder":"on","_et_pb_old_content":"","_et_gb_content_width":"","footnotes":""},"class_list":["post-1299","page","type-page","status-publish","has-post-thumbnail","hentry"],"_links":{"self":[{"href":"https:\/\/kodigodiprotekshon.com\/pap\/wp-json\/wp\/v2\/pages\/1299","targetHints":{"allow":["GET"]}}],"collection":[{"href":"https:\/\/kodigodiprotekshon.com\/pap\/wp-json\/wp\/v2\/pages"}],"about":[{"href":"https:\/\/kodigodiprotekshon.com\/pap\/wp-json\/wp\/v2\/types\/page"}],"author":[{"embeddable":true,"href":"https:\/\/kodigodiprotekshon.com\/pap\/wp-json\/wp\/v2\/users\/6"}],"replies":[{"embeddable":true,"href":"https:\/\/kodigodiprotekshon.com\/pap\/wp-json\/wp\/v2\/comments?post=1299"}],"version-history":[{"count":0,"href":"https:\/\/kodigodiprotekshon.com\/pap\/wp-json\/wp\/v2\/pages\/1299\/revisions"}],"wp:featuredmedia":[{"embeddable":true,"href":"https:\/\/kodigodiprotekshon.com\/pap\/wp-json\/wp\/v2\/media\/1303"}],"wp:attachment":[{"href":"https:\/\/kodigodiprotekshon.com\/pap\/wp-json\/wp\/v2\/media?parent=1299"}],"curies":[{"name":"wp","href":"https:\/\/api.w.org\/{rel}","templated":true}]}}