{"id":1281,"date":"2023-02-03T22:44:59","date_gmt":"2023-02-03T22:44:59","guid":{"rendered":"https:\/\/kodigodiprotekshon.com\/5-pasonan\/"},"modified":"2024-04-02T22:25:13","modified_gmt":"2024-04-02T22:25:13","slug":"5-pasonan","status":"publish","type":"page","link":"https:\/\/kodigodiprotekshon.com\/pap\/5-pasonan\/","title":{"rendered":"5 pasonan"},"content":{"rendered":"<p>[et_pb_section fb_built=&#8221;1&#8243; _builder_version=&#8221;4.24.0&#8243; _module_preset=&#8221;default&#8221; background_color=&#8221;gcid-1e82f258-9385-4a59-a582-da4be9d2dfd4&#8243; background_image=&#8221;https:\/\/kodigo.wp.kukiko.com\/wp-content\/uploads\/sites\/3\/2023\/02\/pattern-white2.png&#8221; background_size=&#8221;contain&#8221; background_position=&#8221;bottom_center&#8221; global_colors_info=&#8221;{%22gcid-1e82f258-9385-4a59-a582-da4be9d2dfd4%22:%91%22background_color%22%93}&#8221;][et_pb_row _builder_version=&#8221;4.24.0&#8243; _module_preset=&#8221;default&#8221; width=&#8221;100%&#8221; custom_padding=&#8221;60px|60px|0px|60px|false|true&#8221; global_colors_info=&#8221;{}&#8221;][et_pb_column type=&#8221;4_4&#8243; _builder_version=&#8221;4.24.0&#8243; _module_preset=&#8221;default&#8221; global_colors_info=&#8221;{}&#8221;][et_pb_text _builder_version=&#8221;4.24.0&#8243; _module_preset=&#8221;default&#8221; text_text_color=&#8221;gcid-9835d93e-354f-4cfe-9358-96477f1560f9&#8243; text_font_size=&#8221;17px&#8221; header_text_color=&#8221;#FFFFFF&#8221; header_font_size=&#8221;37px&#8221; header_line_height=&#8221;1.5em&#8221; global_colors_info=&#8221;{%22gcid-9835d93e-354f-4cfe-9358-96477f1560f9%22:%91%22text_text_color%22%93}&#8221;]<\/p>\n<h1 style=\"text-align: center;\">E <em>sinku pasonan<\/em> di e<br \/><strong>K\u00f3digo di Protekshon<\/strong><\/h1>\n<p style=\"text-align: center;\">E K\u00f3digo di Protekshon ta konta pa tur profeshonal na K\u00f2rsou ku ta traha ku muchanan \u00f2f famianan. <br \/>E ta duna direkshon ora ta se\u00f1al\u00e1 maltrato di mucha i violensia relashonal. Un deskripshon general. <\/p>\n<p>[\/et_pb_text][\/et_pb_column][\/et_pb_row][et_pb_row column_structure=&#8221;1_5,1_5,1_5,1_5,1_5&#8243; use_custom_gutter=&#8221;on&#8221; gutter_width=&#8221;1&#8243; custom_padding_last_edited=&#8221;on|tablet&#8221; _builder_version=&#8221;4.24.0&#8243; _module_preset=&#8221;default&#8221; width=&#8221;100%&#8221; module_alignment=&#8221;center&#8221; custom_padding=&#8221;30px|60px|0px|60px|false|true&#8221; custom_padding_tablet=&#8221;30px|30px|0px|30px|false|false&#8221; custom_padding_phone=&#8221;30px|30px|0px|30px|false|false&#8221; global_colors_info=&#8221;{}&#8221;][et_pb_column type=&#8221;1_5&#8243; _builder_version=&#8221;4.24.0&#8243; _module_preset=&#8221;default&#8221; custom_css_main_element=&#8221;width:20%!important;&#8221; global_colors_info=&#8221;{}&#8221;][et_pb_image src=&#8221;https:\/\/kodigo.wp.kukiko.com\/wp-content\/uploads\/sites\/3\/2024\/02\/kurashi-professionals1.png&#8221; title_text=&#8221;kurashi-professionals1&#8243; _builder_version=&#8221;4.24.0&#8243; _module_preset=&#8221;default&#8221; global_colors_info=&#8221;{}&#8221;][\/et_pb_image][\/et_pb_column][et_pb_column type=&#8221;1_5&#8243; _builder_version=&#8221;4.24.0&#8243; _module_preset=&#8221;default&#8221; custom_css_main_element=&#8221;width:20%!important;&#8221; global_colors_info=&#8221;{}&#8221;][et_pb_image src=&#8221;https:\/\/kodigo.wp.kukiko.com\/wp-content\/uploads\/sites\/3\/2024\/02\/kurashi-professionals2.png&#8221; title_text=&#8221;kurashi-professionals2&#8243; _builder_version=&#8221;4.24.0&#8243; _module_preset=&#8221;default&#8221; global_colors_info=&#8221;{}&#8221;][\/et_pb_image][\/et_pb_column][et_pb_column type=&#8221;1_5&#8243; _builder_version=&#8221;4.24.0&#8243; _module_preset=&#8221;default&#8221; custom_css_main_element=&#8221;width:20%!important;&#8221; global_colors_info=&#8221;{}&#8221;][et_pb_image src=&#8221;https:\/\/kodigo.wp.kukiko.com\/wp-content\/uploads\/sites\/3\/2024\/02\/kurashi-professionals3.png&#8221; title_text=&#8221;kurashi-professionals3&#8243; _builder_version=&#8221;4.24.0&#8243; _module_preset=&#8221;default&#8221; global_colors_info=&#8221;{}&#8221;][\/et_pb_image][\/et_pb_column][et_pb_column type=&#8221;1_5&#8243; _builder_version=&#8221;4.24.0&#8243; _module_preset=&#8221;default&#8221; custom_css_main_element=&#8221;width:20%!important;&#8221; global_colors_info=&#8221;{}&#8221;][et_pb_image src=&#8221;https:\/\/kodigo.wp.kukiko.com\/wp-content\/uploads\/sites\/3\/2024\/02\/kurashi-professionals4.png&#8221; title_text=&#8221;kurashi-professionals4&#8243; _builder_version=&#8221;4.24.0&#8243; _module_preset=&#8221;default&#8221; global_colors_info=&#8221;{}&#8221;][\/et_pb_image][\/et_pb_column][et_pb_column type=&#8221;1_5&#8243; _builder_version=&#8221;4.24.0&#8243; _module_preset=&#8221;default&#8221; custom_css_main_element=&#8221;width:20%!important;&#8221; global_colors_info=&#8221;{}&#8221;][et_pb_image src=&#8221;https:\/\/kodigo.wp.kukiko.com\/wp-content\/uploads\/sites\/3\/2024\/02\/kurashi-professionals5.png&#8221; title_text=&#8221;kurashi-professionals5&#8243; _builder_version=&#8221;4.24.0&#8243; _module_preset=&#8221;default&#8221; global_colors_info=&#8221;{}&#8221;][\/et_pb_image][\/et_pb_column][\/et_pb_row][\/et_pb_section][et_pb_section fb_built=&#8221;1&#8243; _builder_version=&#8221;4.24.0&#8243; _module_preset=&#8221;default&#8221; background_color=&#8221;gcid-89b8bf5c-a3c8-4ce3-84e3-7a95b8fb84dd&#8221; global_colors_info=&#8221;{%22gcid-89b8bf5c-a3c8-4ce3-84e3-7a95b8fb84dd%22:%91%22background_color%22%93}&#8221;][et_pb_row _builder_version=&#8221;4.24.0&#8243; _module_preset=&#8221;default&#8221; width=&#8221;100%&#8221; custom_padding=&#8221;60px|60px|60px|60px|true|true&#8221; global_colors_info=&#8221;{}&#8221;][et_pb_column type=&#8221;4_4&#8243; _builder_version=&#8221;4.24.0&#8243; _module_preset=&#8221;default&#8221; global_colors_info=&#8221;{}&#8221;][et_pb_text _builder_version=&#8221;4.24.0&#8243; _module_preset=&#8221;default&#8221; text_text_color=&#8221;gcid-9835d93e-354f-4cfe-9358-96477f1560f9&#8243; text_font_size=&#8221;16px&#8221; global_colors_info=&#8221;{%22gcid-9835d93e-354f-4cfe-9358-96477f1560f9%22:%91%22text_text_color%22%93}&#8221;]<\/p>\n<p style=\"text-align: center;\">E K\u00f3digo di Protekshon ta relevante pa tur profeshonal na K\u00f2rsou ku ta traha den trabou sosial, ense\u00f1ansa, salubridat i seguridat. Ku esaki ta w\u00f2rdu palabr\u00e1 kon profeshonalnan por se\u00f1al\u00e1 maltrato di mucha i violensia relashonal i siguidamente kua pasonan nan mester tuma pa preven\u00ed \u00f2f st\u00f2p situashonnan insigur. E K\u00f3digo di Protekshon ta konsist\u00ed di sinku paso.  <\/p>\n<p>[\/et_pb_text][\/et_pb_column][\/et_pb_row][\/et_pb_section][et_pb_section fb_built=&#8221;1&#8243; disabled_on=&#8221;off|off|off&#8221; _builder_version=&#8221;4.24.0&#8243; _module_preset=&#8221;default&#8221; custom_margin_tablet=&#8221;0px||0px||false|false&#8221; custom_margin_phone=&#8221;0px||0px||false|false&#8221; custom_margin_last_edited=&#8221;on|phone&#8221; custom_padding=&#8221;0px||0px||false|false&#8221; hover_enabled=&#8221;0&#8243; global_colors_info=&#8221;{}&#8221; sticky_enabled=&#8221;0&#8243;][et_pb_row _builder_version=&#8221;4.24.0&#8243; _module_preset=&#8221;default&#8221; width=&#8221;100%&#8221; custom_margin=&#8221;||||false|false&#8221; custom_margin_tablet=&#8221;0px||0px||false|false&#8221; custom_margin_phone=&#8221;0px||0px||false|false&#8221; custom_margin_last_edited=&#8221;on|phone&#8221; custom_padding=&#8221;|20px||20px|false|true&#8221; global_colors_info=&#8221;{%22gcid-9835d93e-354f-4cfe-9358-96477f1560f9%22:%91%22background_color%22%93}&#8221; background_enable_color=&#8221;off&#8221;][et_pb_column type=&#8221;4_4&#8243; _builder_version=&#8221;4.24.0&#8243; _module_preset=&#8221;default&#8221; custom_padding_tablet=&#8221;0px||0px||false|false&#8221; custom_padding_phone=&#8221;0px||0px||false|false&#8221; custom_padding_last_edited=&#8221;on|desktop&#8221; global_colors_info=&#8221;{}&#8221;][et_pb_text _builder_version=&#8221;4.24.0&#8243; _module_preset=&#8221;default&#8221; custom_margin=&#8221;0px||0px||false|false&#8221; custom_margin_tablet=&#8221;0px||0px||false|false&#8221; custom_margin_phone=&#8221;0px||0px||false|false&#8221; custom_margin_last_edited=&#8221;on|phone&#8221; custom_padding_tablet=&#8221;0px||0px||false|false&#8221; custom_padding_phone=&#8221;0px||0px||false|false&#8221; custom_padding_last_edited=&#8221;on|tablet&#8221; hover_enabled=&#8221;0&#8243; global_colors_info=&#8221;{}&#8221; sticky_enabled=&#8221;0&#8243;]<\/p>\n<p>[wp_timeline_design id=&#8221;1&#8243;]<\/p>\n<p>[\/et_pb_text][\/et_pb_column][\/et_pb_row][\/et_pb_section][et_pb_section fb_built=&#8221;1&#8243; _builder_version=&#8221;4.24.0&#8243; _module_preset=&#8221;default&#8221; background_enable_color=&#8221;off&#8221; custom_margin_tablet=&#8221;0px||0px||false|false&#8221; custom_margin_phone=&#8221;0px||0px||false|false&#8221; custom_margin_last_edited=&#8221;on|desktop&#8221; custom_padding=&#8221;0px||0px||false|false&#8221; global_colors_info=&#8221;{%22gcid-9835d93e-354f-4cfe-9358-96477f1560f9%22:%91%22background_color%22%93}&#8221;][et_pb_row custom_padding_last_edited=&#8221;on|phone&#8221; _builder_version=&#8221;4.24.0&#8243; _module_preset=&#8221;default&#8221; width=&#8221;100%&#8221; custom_padding=&#8221;60px|60px|60px|60px|true|true&#8221; custom_padding_tablet=&#8221;|40px||40px|true|true&#8221; custom_padding_phone=&#8221;|20px||20px|true|true&#8221; global_colors_info=&#8221;{}&#8221;][et_pb_column type=&#8221;4_4&#8243; _builder_version=&#8221;4.24.0&#8243; _module_preset=&#8221;default&#8221; global_colors_info=&#8221;{}&#8221;][et_pb_text _builder_version=&#8221;4.24.0&#8243; _module_preset=&#8221;default&#8221; text_text_color=&#8221;gcid-1e82f258-9385-4a59-a582-da4be9d2dfd4&#8243; text_font_size=&#8221;16px&#8221; global_colors_info=&#8221;{%22gcid-1e82f258-9385-4a59-a582-da4be9d2dfd4%22:%91%22text_text_color%22%93}&#8221;]<\/p>\n<p>*Supervisornan di k\u00f3digo ta personanan apunt\u00e1 den organisashonnan i profeshonalnan ku ta eksperto riba e temanan maltrato di mucha i violensia relashonal. Nan ta sosten\u00e9 koleganan den v\u00e8lt ora ta trata (di sospecho) di maltrato di mucha i violensia relashonal den ehekutashon di e pasonan di e K\u00f3digo. <\/p>\n<p>** ProtehaMi ta un punto di konseho i notifikashon maltrato di mucha i violensia relashonal na K\u00f2rsou i ta forma parti di e Uitvoeringsorganisatie Justitiele Zorg (JZ). Bo por akud\u00ed komo profeshonal i komo siudadano di K\u00f2rsou ora ku bo ta prekup\u00e1 pa e seguridat di un mucha \u00f2f adulto. ProtehaMi ta duna informashon i konseho riba e tereno di maltrato di mucha, violensia relashonal i aplikashon di e K\u00f3digo di Protekshon i ta investig\u00e1 notifikashonnan di \u00e1mbos profeshonalnan i siudadanonan.  <\/p>\n<p>[\/et_pb_text][\/et_pb_column][\/et_pb_row][\/et_pb_section]<\/p>\n","protected":false},"excerpt":{"rendered":"<p>E sinku pasonan di eK\u00f3digo di Protekshon E K\u00f3digo di Protekshon ta konta pa tur profeshonal na K\u00f2rsou ku ta traha ku muchanan \u00f2f famianan. E ta duna direkshon ora ta se\u00f1al\u00e1 maltrato di mucha i violensia relashonal. Un deskripshon general. E K\u00f3digo di Protekshon ta relevante pa tur profeshonal na K\u00f2rsou ku ta traha [&hellip;]<\/p>\n","protected":false},"author":6,"featured_media":1265,"parent":0,"menu_order":200,"comment_status":"closed","ping_status":"closed","template":"","meta":{"_et_pb_use_builder":"on","_et_pb_old_content":"","_et_gb_content_width":"","footnotes":""},"class_list":["post-1281","page","type-page","status-publish","has-post-thumbnail","hentry"],"_links":{"self":[{"href":"https:\/\/kodigodiprotekshon.com\/pap\/wp-json\/wp\/v2\/pages\/1281","targetHints":{"allow":["GET"]}}],"collection":[{"href":"https:\/\/kodigodiprotekshon.com\/pap\/wp-json\/wp\/v2\/pages"}],"about":[{"href":"https:\/\/kodigodiprotekshon.com\/pap\/wp-json\/wp\/v2\/types\/page"}],"author":[{"embeddable":true,"href":"https:\/\/kodigodiprotekshon.com\/pap\/wp-json\/wp\/v2\/users\/6"}],"replies":[{"embeddable":true,"href":"https:\/\/kodigodiprotekshon.com\/pap\/wp-json\/wp\/v2\/comments?post=1281"}],"version-history":[{"count":0,"href":"https:\/\/kodigodiprotekshon.com\/pap\/wp-json\/wp\/v2\/pages\/1281\/revisions"}],"wp:featuredmedia":[{"embeddable":true,"href":"https:\/\/kodigodiprotekshon.com\/pap\/wp-json\/wp\/v2\/media\/1265"}],"wp:attachment":[{"href":"https:\/\/kodigodiprotekshon.com\/pap\/wp-json\/wp\/v2\/media?parent=1281"}],"curies":[{"name":"wp","href":"https:\/\/api.w.org\/{rel}","templated":true}]}}