{"id":1224,"date":"2024-01-22T20:31:16","date_gmt":"2024-01-22T20:31:16","guid":{"rendered":"https:\/\/kodigodiprotekshon.com\/toolkit\/"},"modified":"2024-04-19T21:42:09","modified_gmt":"2024-04-19T21:42:09","slug":"toolkit","status":"publish","type":"page","link":"https:\/\/kodigodiprotekshon.com\/en\/toolkit\/","title":{"rendered":"Toolkit"},"content":{"rendered":"<p>[et_pb_section fb_built=&#8221;1&#8243; disabled_on=&#8221;on|on|off&#8221; _builder_version=&#8221;4.24.0&#8243; _module_preset=&#8221;default&#8221; background_color=&#8221;gcid-1e82f258-9385-4a59-a582-da4be9d2dfd4&#8243; background_image=&#8221;https:\/\/kodigo.wp.kukiko.com\/wp-content\/uploads\/sites\/3\/2023\/02\/pattern-white2.png&#8221; background_size=&#8221;contain&#8221; background_position=&#8221;bottom_center&#8221; locked=&#8221;off&#8221; global_colors_info=&#8221;{%22gcid-1e82f258-9385-4a59-a582-da4be9d2dfd4%22:%91%22background_color%22%93}&#8221;][et_pb_row column_structure=&#8221;1_6,1_6,1_6,1_2&#8243; _builder_version=&#8221;4.24.0&#8243; _module_preset=&#8221;default&#8221; width=&#8221;100%&#8221; custom_padding=&#8221;30px|60px|0px|60px|false|true&#8221; global_colors_info=&#8221;{}&#8221;][et_pb_column type=&#8221;1_6&#8243; _builder_version=&#8221;4.24.0&#8243; _module_preset=&#8221;default&#8221; custom_padding=&#8221;150px||||false|false&#8221; global_colors_info=&#8221;{}&#8221;][et_pb_image src=&#8221;https:\/\/kodigo.wp.kukiko.com\/wp-content\/uploads\/sites\/3\/2024\/02\/kurashi-professionals1.png&#8221; title_text=&#8221;kurashi-professionals1&#8243; _builder_version=&#8221;4.24.0&#8243; _module_preset=&#8221;default&#8221; global_colors_info=&#8221;{}&#8221;][\/et_pb_image][\/et_pb_column][et_pb_column type=&#8221;1_6&#8243; _builder_version=&#8221;4.24.0&#8243; _module_preset=&#8221;default&#8221; custom_padding=&#8221;150px||||false|false&#8221; global_colors_info=&#8221;{}&#8221;][et_pb_image src=&#8221;https:\/\/kodigo.wp.kukiko.com\/wp-content\/uploads\/sites\/3\/2024\/02\/kurashi-professionals5.png&#8221; title_text=&#8221;kurashi-professionals5&#8243; _builder_version=&#8221;4.24.0&#8243; _module_preset=&#8221;default&#8221; global_colors_info=&#8221;{}&#8221;][\/et_pb_image][\/et_pb_column][et_pb_column type=&#8221;1_6&#8243; _builder_version=&#8221;4.24.0&#8243; _module_preset=&#8221;default&#8221; custom_padding=&#8221;150px||||false|false&#8221; global_colors_info=&#8221;{}&#8221;][et_pb_image src=&#8221;https:\/\/kodigo.wp.kukiko.com\/wp-content\/uploads\/sites\/3\/2024\/02\/kurashi-professionals3.png&#8221; title_text=&#8221;kurashi-professionals3&#8243; _builder_version=&#8221;4.24.0&#8243; _module_preset=&#8221;default&#8221; global_colors_info=&#8221;{}&#8221;][\/et_pb_image][\/et_pb_column][et_pb_column type=&#8221;1_2&#8243; _builder_version=&#8221;4.24.0&#8243; _module_preset=&#8221;default&#8221; custom_padding=&#8221;35px||||false|false&#8221; global_colors_info=&#8221;{}&#8221;][et_pb_text _builder_version=&#8221;4.24.0&#8243; _module_preset=&#8221;default&#8221; text_text_color=&#8221;gcid-9835d93e-354f-4cfe-9358-96477f1560f9&#8243; text_font_size=&#8221;17px&#8221; header_text_color=&#8221;#FFFFFF&#8221; header_font_size=&#8221;37px&#8221; header_line_height=&#8221;1.5em&#8221; global_colors_info=&#8221;{%22gcid-9835d93e-354f-4cfe-9358-96477f1560f9%22:%91%22text_text_color%22%93}&#8221;]<\/p>\n<h1 style=\"text-align: left;\">The<em>Toolkit <\/em> of the<br \/><strong>K\u00f3digo di Protekshon<\/strong><\/h1>\n<p>[\/et_pb_text][et_pb_code _builder_version=&#8221;4.24.0&#8243; _module_preset=&#8221;default&#8221; global_colors_info=&#8221;{}&#8221;]<iframe loading=\"lazy\" src=\"https:\/\/player.vimeo.com\/video\/913061449?h=a6709e600a&amp;badge=0&amp;autopause=0&amp;player_id=0&amp;app_id=58479\" width=\"1280\" height=\"720\" frameborder=\"0\" allow=\"autoplay; fullscreen; picture-in-picture\" title=\"Toolkit Curacao NL\"><\/iframe>[\/et_pb_code][\/et_pb_column][\/et_pb_row][\/et_pb_section][et_pb_section fb_built=&#8221;1&#8243; disabled_on=&#8221;off|off|on&#8221; _builder_version=&#8221;4.24.0&#8243; _module_preset=&#8221;default&#8221; background_color=&#8221;gcid-1e82f258-9385-4a59-a582-da4be9d2dfd4&#8243; background_image=&#8221;https:\/\/kodigo.wp.kukiko.com\/wp-content\/uploads\/sites\/3\/2023\/02\/pattern-white2.png&#8221; background_size=&#8221;contain&#8221; background_position=&#8221;bottom_center&#8221; locked=&#8221;off&#8221; global_colors_info=&#8221;{%22gcid-1e82f258-9385-4a59-a582-da4be9d2dfd4%22:%91%22background_color%22%93}&#8221;][et_pb_row _builder_version=&#8221;4.24.0&#8243; _module_preset=&#8221;default&#8221; width=&#8221;100%&#8221; custom_padding=&#8221;60px|60px|0px|60px|false|true&#8221; global_colors_info=&#8221;{}&#8221;][et_pb_column type=&#8221;4_4&#8243; _builder_version=&#8221;4.24.0&#8243; _module_preset=&#8221;default&#8221; global_colors_info=&#8221;{}&#8221;][et_pb_text _builder_version=&#8221;4.24.0&#8243; _module_preset=&#8221;default&#8221; text_text_color=&#8221;gcid-9835d93e-354f-4cfe-9358-96477f1560f9&#8243; text_font_size=&#8221;17px&#8221; header_text_align=&#8221;center&#8221; header_text_color=&#8221;#FFFFFF&#8221; header_font_size=&#8221;37px&#8221; header_line_height=&#8221;1.5em&#8221; global_colors_info=&#8221;{%22gcid-9835d93e-354f-4cfe-9358-96477f1560f9%22:%91%22text_text_color%22%93}&#8221;]<\/p>\n<h1 style=\"text-align: center;\">The<em>Toolkit <\/em> of the<br \/><strong>K\u00f3digo di Protekshon<\/strong><\/h1>\n<p>[\/et_pb_text][\/et_pb_column][\/et_pb_row][et_pb_row column_structure=&#8221;1_5,1_5,1_5,1_5,1_5&#8243; use_custom_gutter=&#8221;on&#8221; gutter_width=&#8221;1&#8243; custom_padding_last_edited=&#8221;on|tablet&#8221; _builder_version=&#8221;4.24.0&#8243; _module_preset=&#8221;default&#8221; width=&#8221;100%&#8221; module_alignment=&#8221;center&#8221; custom_padding=&#8221;30px|60px|0px|60px|false|true&#8221; custom_padding_tablet=&#8221;30px|30px|0px|30px|false|false&#8221; custom_padding_phone=&#8221;30px|30px|0px|30px|false|false&#8221; global_colors_info=&#8221;{}&#8221;][et_pb_column type=&#8221;1_5&#8243; _builder_version=&#8221;4.24.0&#8243; _module_preset=&#8221;default&#8221; custom_css_main_element=&#8221;width:20%!important;&#8221; global_colors_info=&#8221;{}&#8221;][et_pb_image src=&#8221;https:\/\/kodigo.wp.kukiko.com\/wp-content\/uploads\/sites\/3\/2024\/02\/transp.png&#8221; title_text=&#8221;transp&#8221; _builder_version=&#8221;4.24.0&#8243; _module_preset=&#8221;default&#8221; global_colors_info=&#8221;{}&#8221;][\/et_pb_image][\/et_pb_column][et_pb_column type=&#8221;1_5&#8243; _builder_version=&#8221;4.24.0&#8243; _module_preset=&#8221;default&#8221; custom_css_main_element=&#8221;width:20%!important;&#8221; global_colors_info=&#8221;{}&#8221;][et_pb_image src=&#8221;https:\/\/kodigo.wp.kukiko.com\/wp-content\/uploads\/sites\/3\/2024\/02\/kurashi-professionals1.png&#8221; title_text=&#8221;kurashi-professionals1&#8243; _builder_version=&#8221;4.24.0&#8243; _module_preset=&#8221;default&#8221; global_colors_info=&#8221;{}&#8221;][\/et_pb_image][\/et_pb_column][et_pb_column type=&#8221;1_5&#8243; _builder_version=&#8221;4.24.0&#8243; _module_preset=&#8221;default&#8221; custom_css_main_element=&#8221;width:20%!important;&#8221; global_colors_info=&#8221;{}&#8221;][et_pb_image src=&#8221;https:\/\/kodigo.wp.kukiko.com\/wp-content\/uploads\/sites\/3\/2024\/02\/kurashi-professionals3.png&#8221; title_text=&#8221;kurashi-professionals3&#8243; _builder_version=&#8221;4.24.0&#8243; _module_preset=&#8221;default&#8221; global_colors_info=&#8221;{}&#8221;][\/et_pb_image][\/et_pb_column][et_pb_column type=&#8221;1_5&#8243; _builder_version=&#8221;4.24.0&#8243; _module_preset=&#8221;default&#8221; custom_css_main_element=&#8221;width:20%!important;&#8221; global_colors_info=&#8221;{}&#8221;][et_pb_image src=&#8221;https:\/\/kodigo.wp.kukiko.com\/wp-content\/uploads\/sites\/3\/2024\/02\/kurashi-professionals5.png&#8221; title_text=&#8221;kurashi-professionals5&#8243; _builder_version=&#8221;4.24.0&#8243; _module_preset=&#8221;default&#8221; global_colors_info=&#8221;{}&#8221;][\/et_pb_image][\/et_pb_column][et_pb_column type=&#8221;1_5&#8243; _builder_version=&#8221;4.24.0&#8243; _module_preset=&#8221;default&#8221; custom_css_main_element=&#8221;width:20%!important;&#8221; global_colors_info=&#8221;{}&#8221;][et_pb_image src=&#8221;https:\/\/kodigo.wp.kukiko.com\/wp-content\/uploads\/sites\/3\/2024\/02\/transp.png&#8221; title_text=&#8221;transp&#8221; _builder_version=&#8221;4.24.0&#8243; _module_preset=&#8221;default&#8221; global_colors_info=&#8221;{}&#8221;][\/et_pb_image][\/et_pb_column][\/et_pb_row][\/et_pb_section][et_pb_section fb_built=&#8221;1&#8243; _builder_version=&#8221;4.24.0&#8243; _module_preset=&#8221;default&#8221; background_color=&#8221;gcid-89b8bf5c-a3c8-4ce3-84e3-7a95b8fb84dd&#8221; locked=&#8221;off&#8221; global_colors_info=&#8221;{%22gcid-89b8bf5c-a3c8-4ce3-84e3-7a95b8fb84dd%22:%91%22background_color%22%93}&#8221;][et_pb_row _builder_version=&#8221;4.24.0&#8243; _module_preset=&#8221;default&#8221; width=&#8221;100%&#8221; custom_padding=&#8221;60px|60px|60px|60px|true|true&#8221; global_colors_info=&#8221;{}&#8221;][et_pb_column type=&#8221;4_4&#8243; _builder_version=&#8221;4.24.0&#8243; _module_preset=&#8221;default&#8221; global_colors_info=&#8221;{}&#8221;][et_pb_code disabled_on=&#8221;off|off|on&#8221; _builder_version=&#8221;4.24.0&#8243; _module_preset=&#8221;default&#8221; custom_margin=&#8221;||50px||false|false&#8221; locked=&#8221;off&#8221; global_colors_info=&#8221;{}&#8221;]<iframe loading=\"lazy\" src=\"https:\/\/player.vimeo.com\/video\/913061449?h=a6709e600a&amp;badge=0&amp;autopause=0&amp;player_id=0&amp;app_id=58479\" width=\"1280\" height=\"720\" frameborder=\"0\" allow=\"autoplay; fullscreen; picture-in-picture\" title=\"Toolkit Curacao NL\"><\/iframe>[\/et_pb_code][et_pb_text _builder_version=&#8221;4.24.0&#8243; _module_preset=&#8221;default&#8221; text_text_color=&#8221;gcid-9835d93e-354f-4cfe-9358-96477f1560f9&#8243; text_font_size=&#8221;16px&#8221; link_option_url_new_window=&#8221;on&#8221; global_colors_info=&#8221;{%22gcid-9835d93e-354f-4cfe-9358-96477f1560f9%22:%91%22text_text_color%22%93}&#8221;]<\/p>\n<p style=\"text-align: left;\">The online toolkit provides information, tips, and examples to professionals at each step of the K\u00f3digo di Protekshon, to increase awareness and knowledge of addressing child abuse and relational violence. The toolkit is used as training material by the trainer supervisors di K\u00f3digo and can also be utilized by supervisors di K\u00f3digo or other professionals.<\/p>\n<p>[\/et_pb_text][\/et_pb_column][\/et_pb_row][\/et_pb_section][et_pb_section fb_built=&#8221;1&#8243; _builder_version=&#8221;4.24.0&#8243; _module_preset=&#8221;default&#8221; background_color=&#8221;#FFFFFF&#8221; global_colors_info=&#8221;{}&#8221;][et_pb_row column_structure=&#8221;1_3,1_3,1_3&#8243; _builder_version=&#8221;4.24.0&#8243; _module_preset=&#8221;default&#8221; background_enable_color=&#8221;off&#8221; background_enable_image=&#8221;off&#8221; background_size=&#8221;initial&#8221; background_position=&#8221;bottom_right&#8221; background_repeat=&#8221;repeat-y&#8221; width=&#8221;100%&#8221; custom_padding=&#8221;30px|30px||30px|false|true&#8221; global_colors_info=&#8221;{%22gcid-9835d93e-354f-4cfe-9358-96477f1560f9%22:%91%22background_color%22,%22background_color%22%93}&#8221;][et_pb_column type=&#8221;1_3&#8243; _builder_version=&#8221;4.24.0&#8243; _module_preset=&#8221;default&#8221; custom_padding=&#8221;30px|3%|30px|3%|true|true&#8221; global_colors_info=&#8221;{}&#8221;][et_pb_image src=&#8221;https:\/\/kodigo.wp.kukiko.com\/wp-content\/uploads\/sites\/3\/2024\/02\/toolkit-en.jpg&#8221; title_text=&#8221;toolkit-en&#8221; url=&#8221;https:\/\/toolkit.kodigodiprotekshon.com\/en\/&#8221; url_new_window=&#8221;on&#8221; disabled_on=&#8221;off|off|off&#8221; _builder_version=&#8221;4.24.1&#8243; _module_preset=&#8221;default&#8221; global_colors_info=&#8221;{}&#8221;][\/et_pb_image][et_pb_text disabled_on=&#8221;off|off|off&#8221; _builder_version=&#8221;4.24.1&#8243; _module_preset=&#8221;default&#8221; link_option_url=&#8221;https:\/\/toolkit.kodigodiprotekshon.com\/en\/&#8221; link_option_url_new_window=&#8221;on&#8221; global_colors_info=&#8221;{}&#8221;]<\/p>\n<h4 style=\"text-align: center;\">Toolkit ENGLISH<\/h4>\n<p>[\/et_pb_text][\/et_pb_column][et_pb_column type=&#8221;1_3&#8243; _builder_version=&#8221;4.19.5&#8243; _module_preset=&#8221;default&#8221; custom_padding=&#8221;30px|3%|30px|3%|true|true&#8221; global_colors_info=&#8221;{}&#8221;][et_pb_image src=&#8221;https:\/\/kodigo.wp.kukiko.com\/wp-content\/uploads\/sites\/3\/2024\/04\/toolkit-pap.jpeg&#8221; title_text=&#8221;toolkit-pap&#8221; url=&#8221;https:\/\/toolkit.kodigodiprotekshon.com\/pap&#8221; url_new_window=&#8221;on&#8221; disabled_on=&#8221;off|off|off&#8221; _builder_version=&#8221;4.25.0&#8243; _module_preset=&#8221;default&#8221; global_colors_info=&#8221;{}&#8221;][\/et_pb_image][et_pb_text disabled_on=&#8221;off|off|off&#8221; _builder_version=&#8221;4.25.0&#8243; _module_preset=&#8221;default&#8221; link_option_url=&#8221;https:\/\/toolkit.kodigodiprotekshon.com\/pap&#8221; link_option_url_new_window=&#8221;on&#8221; global_colors_info=&#8221;{}&#8221;]<\/p>\n<h4 style=\"text-align: center;\">Toolkit PAPIAMENTU<\/h4>\n<p>[\/et_pb_text][\/et_pb_column][et_pb_column type=&#8221;1_3&#8243; _builder_version=&#8221;4.19.5&#8243; _module_preset=&#8221;default&#8221; custom_padding=&#8221;30px|3%|30px|3%|true|false&#8221; global_colors_info=&#8221;{}&#8221;][et_pb_image src=&#8221;https:\/\/kodigo.wp.kukiko.com\/wp-content\/uploads\/sites\/3\/2024\/03\/toolkit-nl.jpeg&#8221; title_text=&#8221;toolkit-nl&#8221; url=&#8221;https:\/\/toolkit.kodigodiprotekshon.com\/nl&#8221; url_new_window=&#8221;on&#8221; _builder_version=&#8221;4.24.2&#8243; _module_preset=&#8221;default&#8221; global_colors_info=&#8221;{}&#8221;][\/et_pb_image][et_pb_text _builder_version=&#8221;4.24.0&#8243; _module_preset=&#8221;default&#8221; link_option_url=&#8221;https:\/\/toolkit.kodigodiprotekshon.com\/nl&#8221; link_option_url_new_window=&#8221;on&#8221; global_colors_info=&#8221;{}&#8221;]<\/p>\n<h4 style=\"text-align: center;\">Toolkit DUTCH<\/h4>\n<p>[\/et_pb_text][\/et_pb_column][\/et_pb_row][\/et_pb_section]<\/p>\n","protected":false},"excerpt":{"rendered":"<p>TheToolkit of theK\u00f3digo di ProtekshonTheToolkit of theK\u00f3digo di ProtekshonThe online toolkit provides information, tips, and examples to professionals at each step of the K\u00f3digo di Protekshon, to increase awareness and knowledge of addressing child abuse and relational violence. The toolkit is used as training material by the trainer supervisors di K\u00f3digo and can also be [&hellip;]<\/p>\n","protected":false},"author":6,"featured_media":1176,"parent":0,"menu_order":250,"comment_status":"closed","ping_status":"closed","template":"","meta":{"_et_pb_use_builder":"on","_et_pb_old_content":"","_et_gb_content_width":"","footnotes":""},"class_list":["post-1224","page","type-page","status-publish","has-post-thumbnail","hentry"],"_links":{"self":[{"href":"https:\/\/kodigodiprotekshon.com\/en\/wp-json\/wp\/v2\/pages\/1224","targetHints":{"allow":["GET"]}}],"collection":[{"href":"https:\/\/kodigodiprotekshon.com\/en\/wp-json\/wp\/v2\/pages"}],"about":[{"href":"https:\/\/kodigodiprotekshon.com\/en\/wp-json\/wp\/v2\/types\/page"}],"author":[{"embeddable":true,"href":"https:\/\/kodigodiprotekshon.com\/en\/wp-json\/wp\/v2\/users\/6"}],"replies":[{"embeddable":true,"href":"https:\/\/kodigodiprotekshon.com\/en\/wp-json\/wp\/v2\/comments?post=1224"}],"version-history":[{"count":0,"href":"https:\/\/kodigodiprotekshon.com\/en\/wp-json\/wp\/v2\/pages\/1224\/revisions"}],"wp:featuredmedia":[{"embeddable":true,"href":"https:\/\/kodigodiprotekshon.com\/en\/wp-json\/wp\/v2\/media\/1176"}],"wp:attachment":[{"href":"https:\/\/kodigodiprotekshon.com\/en\/wp-json\/wp\/v2\/media?parent=1224"}],"curies":[{"name":"wp","href":"https:\/\/api.w.org\/{rel}","templated":true}]}}