{"id":1221,"date":"2023-02-03T22:44:59","date_gmt":"2023-02-03T22:44:59","guid":{"rendered":"https:\/\/kodigodiprotekshon.com\/5-steps\/"},"modified":"2024-04-04T17:27:25","modified_gmt":"2024-04-04T17:27:25","slug":"5-steps","status":"publish","type":"page","link":"https:\/\/kodigodiprotekshon.com\/en\/5-steps\/","title":{"rendered":"5 steps"},"content":{"rendered":"<p>[et_pb_section fb_built=&#8221;1&#8243; _builder_version=&#8221;4.24.0&#8243; _module_preset=&#8221;default&#8221; background_color=&#8221;gcid-1e82f258-9385-4a59-a582-da4be9d2dfd4&#8243; background_image=&#8221;https:\/\/kodigo.wp.kukiko.com\/wp-content\/uploads\/sites\/3\/2023\/02\/pattern-white2.png&#8221; background_size=&#8221;contain&#8221; background_position=&#8221;bottom_center&#8221; global_colors_info=&#8221;{%22gcid-1e82f258-9385-4a59-a582-da4be9d2dfd4%22:%91%22background_color%22%93}&#8221;][et_pb_row _builder_version=&#8221;4.24.0&#8243; _module_preset=&#8221;default&#8221; width=&#8221;100%&#8221; custom_padding=&#8221;60px|60px|0px|60px|false|true&#8221; global_colors_info=&#8221;{}&#8221;][et_pb_column type=&#8221;4_4&#8243; _builder_version=&#8221;4.24.0&#8243; _module_preset=&#8221;default&#8221; global_colors_info=&#8221;{}&#8221;][et_pb_text _builder_version=&#8221;4.24.0&#8243; _module_preset=&#8221;default&#8221; text_text_color=&#8221;gcid-9835d93e-354f-4cfe-9358-96477f1560f9&#8243; text_font_size=&#8221;17px&#8221; header_text_color=&#8221;#FFFFFF&#8221; header_font_size=&#8221;37px&#8221; header_line_height=&#8221;1.5em&#8221; global_colors_info=&#8221;{%22gcid-9835d93e-354f-4cfe-9358-96477f1560f9%22:%91%22text_text_color%22%93}&#8221;]<\/p>\n<h1 style=\"text-align: center;\">The <em>five steps<\/em> of the<br \/><strong>K\u00f3digo di Protekshon<\/strong><\/h1>\n<p style=\"text-align: center;\">The K\u00f3digo di Protekshon applies to all professionals in Cura\u00e7ao who work with children or families. <br \/>It provides tools for identifying child abuse and relational violence. An overview. <\/p>\n<p>[\/et_pb_text][\/et_pb_column][\/et_pb_row][et_pb_row column_structure=&#8221;1_5,1_5,1_5,1_5,1_5&#8243; use_custom_gutter=&#8221;on&#8221; gutter_width=&#8221;1&#8243; custom_padding_last_edited=&#8221;on|tablet&#8221; _builder_version=&#8221;4.24.0&#8243; _module_preset=&#8221;default&#8221; width=&#8221;100%&#8221; module_alignment=&#8221;center&#8221; custom_padding=&#8221;30px|60px|0px|60px|false|true&#8221; custom_padding_tablet=&#8221;30px|30px|0px|30px|false|false&#8221; custom_padding_phone=&#8221;30px|30px|0px|30px|false|false&#8221; global_colors_info=&#8221;{}&#8221;][et_pb_column type=&#8221;1_5&#8243; _builder_version=&#8221;4.24.0&#8243; _module_preset=&#8221;default&#8221; custom_css_main_element=&#8221;width:20%!important;&#8221; global_colors_info=&#8221;{}&#8221;][et_pb_image src=&#8221;https:\/\/kodigo.wp.kukiko.com\/wp-content\/uploads\/sites\/3\/2024\/02\/kurashi-professionals1.png&#8221; title_text=&#8221;kurashi-professionals1&#8243; _builder_version=&#8221;4.24.0&#8243; _module_preset=&#8221;default&#8221; global_colors_info=&#8221;{}&#8221;][\/et_pb_image][\/et_pb_column][et_pb_column type=&#8221;1_5&#8243; _builder_version=&#8221;4.24.0&#8243; _module_preset=&#8221;default&#8221; custom_css_main_element=&#8221;width:20%!important;&#8221; global_colors_info=&#8221;{}&#8221;][et_pb_image src=&#8221;https:\/\/kodigo.wp.kukiko.com\/wp-content\/uploads\/sites\/3\/2024\/02\/kurashi-professionals2.png&#8221; title_text=&#8221;kurashi-professionals2&#8243; _builder_version=&#8221;4.24.0&#8243; _module_preset=&#8221;default&#8221; global_colors_info=&#8221;{}&#8221;][\/et_pb_image][\/et_pb_column][et_pb_column type=&#8221;1_5&#8243; _builder_version=&#8221;4.24.0&#8243; _module_preset=&#8221;default&#8221; custom_css_main_element=&#8221;width:20%!important;&#8221; global_colors_info=&#8221;{}&#8221;][et_pb_image src=&#8221;https:\/\/kodigo.wp.kukiko.com\/wp-content\/uploads\/sites\/3\/2024\/02\/kurashi-professionals3.png&#8221; title_text=&#8221;kurashi-professionals3&#8243; _builder_version=&#8221;4.24.0&#8243; _module_preset=&#8221;default&#8221; global_colors_info=&#8221;{}&#8221;][\/et_pb_image][\/et_pb_column][et_pb_column type=&#8221;1_5&#8243; _builder_version=&#8221;4.24.0&#8243; _module_preset=&#8221;default&#8221; custom_css_main_element=&#8221;width:20%!important;&#8221; global_colors_info=&#8221;{}&#8221;][et_pb_image src=&#8221;https:\/\/kodigo.wp.kukiko.com\/wp-content\/uploads\/sites\/3\/2024\/02\/kurashi-professionals4.png&#8221; title_text=&#8221;kurashi-professionals4&#8243; _builder_version=&#8221;4.24.0&#8243; _module_preset=&#8221;default&#8221; global_colors_info=&#8221;{}&#8221;][\/et_pb_image][\/et_pb_column][et_pb_column type=&#8221;1_5&#8243; _builder_version=&#8221;4.24.0&#8243; _module_preset=&#8221;default&#8221; custom_css_main_element=&#8221;width:20%!important;&#8221; global_colors_info=&#8221;{}&#8221;][et_pb_image src=&#8221;https:\/\/kodigo.wp.kukiko.com\/wp-content\/uploads\/sites\/3\/2024\/02\/kurashi-professionals5.png&#8221; title_text=&#8221;kurashi-professionals5&#8243; _builder_version=&#8221;4.24.0&#8243; _module_preset=&#8221;default&#8221; global_colors_info=&#8221;{}&#8221;][\/et_pb_image][\/et_pb_column][\/et_pb_row][\/et_pb_section][et_pb_section fb_built=&#8221;1&#8243; _builder_version=&#8221;4.24.0&#8243; _module_preset=&#8221;default&#8221; background_color=&#8221;gcid-89b8bf5c-a3c8-4ce3-84e3-7a95b8fb84dd&#8221; global_colors_info=&#8221;{%22gcid-89b8bf5c-a3c8-4ce3-84e3-7a95b8fb84dd%22:%91%22background_color%22%93}&#8221;][et_pb_row _builder_version=&#8221;4.24.0&#8243; _module_preset=&#8221;default&#8221; width=&#8221;100%&#8221; custom_padding=&#8221;60px|60px|60px|60px|true|true&#8221; global_colors_info=&#8221;{}&#8221;][et_pb_column type=&#8221;4_4&#8243; _builder_version=&#8221;4.24.0&#8243; _module_preset=&#8221;default&#8221; global_colors_info=&#8221;{}&#8221;][et_pb_text _builder_version=&#8221;4.24.0&#8243; _module_preset=&#8221;default&#8221; text_text_color=&#8221;gcid-9835d93e-354f-4cfe-9358-96477f1560f9&#8243; text_font_size=&#8221;16px&#8221; global_colors_info=&#8221;{%22gcid-9835d93e-354f-4cfe-9358-96477f1560f9%22:%91%22text_text_color%22%93}&#8221;]<\/p>\n<p style=\"text-align: center;\">The K\u00f3digo di Protekshon is relevant for all professionals in Cura\u00e7ao working in social work, education, health, and safety. It establishes agreements on how professionals can identify child abuse and relational violence and what steps they should ake next to prevent or stop unsafe situations. The K\u00f3digo di Protekshon consists of five steps.  <\/p>\n<p>[\/et_pb_text][\/et_pb_column][\/et_pb_row][\/et_pb_section][et_pb_section fb_built=&#8221;1&#8243; disabled_on=&#8221;off|off|off&#8221; _builder_version=&#8221;4.24.0&#8243; _module_preset=&#8221;default&#8221; custom_margin_tablet=&#8221;0px||0px||false|false&#8221; custom_margin_phone=&#8221;0px||0px||false|false&#8221; custom_margin_last_edited=&#8221;on|phone&#8221; custom_padding=&#8221;0px||0px||false|false&#8221; hover_enabled=&#8221;0&#8243; global_colors_info=&#8221;{}&#8221; sticky_enabled=&#8221;0&#8243;][et_pb_row _builder_version=&#8221;4.24.0&#8243; _module_preset=&#8221;default&#8221; width=&#8221;100%&#8221; custom_margin=&#8221;||||false|false&#8221; custom_margin_tablet=&#8221;0px||0px||false|false&#8221; custom_margin_phone=&#8221;0px||0px||false|false&#8221; custom_margin_last_edited=&#8221;on|phone&#8221; custom_padding=&#8221;|20px||20px|false|true&#8221; global_colors_info=&#8221;{%22gcid-9835d93e-354f-4cfe-9358-96477f1560f9%22:%91%22background_color%22%93}&#8221; background_enable_color=&#8221;off&#8221;][et_pb_column type=&#8221;4_4&#8243; _builder_version=&#8221;4.24.0&#8243; _module_preset=&#8221;default&#8221; custom_padding_tablet=&#8221;0px||0px||false|false&#8221; custom_padding_phone=&#8221;0px||0px||false|false&#8221; custom_padding_last_edited=&#8221;on|desktop&#8221; global_colors_info=&#8221;{}&#8221;][et_pb_text _builder_version=&#8221;4.24.0&#8243; _module_preset=&#8221;default&#8221; custom_margin=&#8221;0px||0px||false|false&#8221; custom_margin_tablet=&#8221;0px||0px||false|false&#8221; custom_margin_phone=&#8221;0px||0px||false|false&#8221; custom_margin_last_edited=&#8221;on|phone&#8221; custom_padding_tablet=&#8221;0px||0px||false|false&#8221; custom_padding_phone=&#8221;0px||0px||false|false&#8221; custom_padding_last_edited=&#8221;on|tablet&#8221; hover_enabled=&#8221;0&#8243; global_colors_info=&#8221;{}&#8221; sticky_enabled=&#8221;0&#8243;]<\/p>\n<p>[wp_timeline_design id=&#8221;1&#8243;]<\/p>\n<p>[\/et_pb_text][\/et_pb_column][\/et_pb_row][\/et_pb_section][et_pb_section fb_built=&#8221;1&#8243; _builder_version=&#8221;4.24.0&#8243; _module_preset=&#8221;default&#8221; background_enable_color=&#8221;off&#8221; custom_margin_tablet=&#8221;0px||0px||false|false&#8221; custom_margin_phone=&#8221;0px||0px||false|false&#8221; custom_margin_last_edited=&#8221;on|desktop&#8221; custom_padding=&#8221;0px||0px||false|false&#8221; global_colors_info=&#8221;{%22gcid-9835d93e-354f-4cfe-9358-96477f1560f9%22:%91%22background_color%22%93}&#8221;][et_pb_row custom_padding_last_edited=&#8221;on|phone&#8221; _builder_version=&#8221;4.24.0&#8243; _module_preset=&#8221;default&#8221; width=&#8221;100%&#8221; custom_padding=&#8221;60px|60px|60px|60px|true|true&#8221; custom_padding_tablet=&#8221;|40px||40px|true|true&#8221; custom_padding_phone=&#8221;|20px||20px|true|true&#8221; global_colors_info=&#8221;{}&#8221;][et_pb_column type=&#8221;4_4&#8243; _builder_version=&#8221;4.24.0&#8243; _module_preset=&#8221;default&#8221; global_colors_info=&#8221;{}&#8221;][et_pb_text _builder_version=&#8221;4.24.0&#8243; _module_preset=&#8221;default&#8221; text_text_color=&#8221;gcid-1e82f258-9385-4a59-a582-da4be9d2dfd4&#8243; text_font_size=&#8221;16px&#8221; global_colors_info=&#8221;{%22gcid-1e82f258-9385-4a59-a582-da4be9d2dfd4%22:%91%22text_text_color%22%93}&#8221;]<\/p>\n<p>*Supervisors di K\u00f3digo are designated individuals within organizations and professional groups who are experts on the subjects of child abuse and relational violence. They support colleagues in the field with (suspicions of) child abuse and relational violence in going through the steps of the K\u00f3digo. <\/p>\n<p>** ProtehaMi is the advisory and reporting centre for child abuse and relational violence in Cura\u00e7ao am dos [art pf the Judicial Care Implementation Organization (JZ). Both professionals and residents of Cura\u00e7ao can turn to it when they are concerned about the safety of a child or adult. ProtehaMi provides information and advice I the area of child abuse, relational violence, and the application of the K\u00f3digo di Protekshon and investigates reports from both professionals as citizens.  <\/p>\n<p>[\/et_pb_text][\/et_pb_column][\/et_pb_row][\/et_pb_section]<\/p>\n","protected":false},"excerpt":{"rendered":"<p>The five steps of theK\u00f3digo di Protekshon The K\u00f3digo di Protekshon applies to all professionals in Cura\u00e7ao who work with children or families. It provides tools for identifying child abuse and relational violence. An overview. The K\u00f3digo di Protekshon is relevant for all professionals in Cura\u00e7ao working in social work, education, health, and safety. It [&hellip;]<\/p>\n","protected":false},"author":6,"featured_media":1161,"parent":0,"menu_order":200,"comment_status":"closed","ping_status":"closed","template":"","meta":{"_et_pb_use_builder":"on","_et_pb_old_content":"","_et_gb_content_width":"","footnotes":""},"class_list":["post-1221","page","type-page","status-publish","has-post-thumbnail","hentry"],"_links":{"self":[{"href":"https:\/\/kodigodiprotekshon.com\/en\/wp-json\/wp\/v2\/pages\/1221","targetHints":{"allow":["GET"]}}],"collection":[{"href":"https:\/\/kodigodiprotekshon.com\/en\/wp-json\/wp\/v2\/pages"}],"about":[{"href":"https:\/\/kodigodiprotekshon.com\/en\/wp-json\/wp\/v2\/types\/page"}],"author":[{"embeddable":true,"href":"https:\/\/kodigodiprotekshon.com\/en\/wp-json\/wp\/v2\/users\/6"}],"replies":[{"embeddable":true,"href":"https:\/\/kodigodiprotekshon.com\/en\/wp-json\/wp\/v2\/comments?post=1221"}],"version-history":[{"count":0,"href":"https:\/\/kodigodiprotekshon.com\/en\/wp-json\/wp\/v2\/pages\/1221\/revisions"}],"wp:featuredmedia":[{"embeddable":true,"href":"https:\/\/kodigodiprotekshon.com\/en\/wp-json\/wp\/v2\/media\/1161"}],"wp:attachment":[{"href":"https:\/\/kodigodiprotekshon.com\/en\/wp-json\/wp\/v2\/media?parent=1221"}],"curies":[{"name":"wp","href":"https:\/\/api.w.org\/{rel}","templated":true}]}}