{"id":1215,"date":"2024-02-07T15:39:37","date_gmt":"2024-02-07T15:39:37","guid":{"rendered":"https:\/\/kodigodiprotekshon.com\/capaciity-development\/"},"modified":"2024-04-04T17:33:07","modified_gmt":"2024-04-04T17:33:07","slug":"capacity-development","status":"publish","type":"page","link":"https:\/\/kodigodiprotekshon.com\/en\/capacity-development\/","title":{"rendered":"Capacity development"},"content":{"rendered":"<p>[et_pb_section fb_built=&#8221;1&#8243; _builder_version=&#8221;4.24.0&#8243; _module_preset=&#8221;default&#8221; custom_margin=&#8221;0px||0px||false|false&#8221; custom_padding=&#8221;0px||0px||false|false&#8221; global_colors_info=&#8221;{}&#8221;][et_pb_row column_structure=&#8221;1_4,1_2,1_4&#8243; _builder_version=&#8221;4.19.5&#8243; _module_preset=&#8221;default&#8221; background_color=&#8221;gcid-9835d93e-354f-4cfe-9358-96477f1560f9&#8243; width=&#8221;100%&#8221; custom_padding=&#8221;|30px||30px|false|true&#8221; global_colors_info=&#8221;{%22gcid-9835d93e-354f-4cfe-9358-96477f1560f9%22:%91%22background_color%22%93}&#8221;][et_pb_column type=&#8221;1_4&#8243; _builder_version=&#8221;4.19.5&#8243; _module_preset=&#8221;default&#8221; custom_padding=&#8221;30px|3%|30px|3%|true|true&#8221; global_colors_info=&#8221;{}&#8221;][\/et_pb_column][et_pb_column type=&#8221;1_2&#8243; _builder_version=&#8221;4.19.5&#8243; _module_preset=&#8221;default&#8221; custom_padding=&#8221;30px|0px|30px|0px|true|true&#8221; global_colors_info=&#8221;{}&#8221;][et_pb_text _builder_version=&#8221;4.24.0&#8243; _module_preset=&#8221;default&#8221; text_font_size=&#8221;16px&#8221; global_colors_info=&#8221;{}&#8221;]<\/p>\n<p>Professionals in the field are supported in various ways in the implementation and application of the K\u00f3digo di Protekshon, including by appointing Supervisors di K\u00f3digo, organizing training sessions, workshops, and information sessions.<\/p>\n<p>[\/et_pb_text][\/et_pb_column][et_pb_column type=&#8221;1_4&#8243; _builder_version=&#8221;4.19.5&#8243; _module_preset=&#8221;default&#8221; custom_padding=&#8221;30px|0px|30px|0px|true|true&#8221; global_colors_info=&#8221;{}&#8221;][\/et_pb_column][\/et_pb_row][et_pb_row _builder_version=&#8221;4.24.0&#8243; _module_preset=&#8221;default&#8221; background_color=&#8221;gcid-9835d93e-354f-4cfe-9358-96477f1560f9&#8243; width=&#8221;100%&#8221; custom_margin=&#8221;0px||0px||false|false&#8221; custom_padding=&#8221;0px|30px|0px|30px|false|true&#8221; global_colors_info=&#8221;{%22gcid-9835d93e-354f-4cfe-9358-96477f1560f9%22:%91%22background_color%22%93}&#8221;][et_pb_column type=&#8221;4_4&#8243; _builder_version=&#8221;4.24.0&#8243; _module_preset=&#8221;default&#8221; custom_padding=&#8221;30px|3%|0px|3%|false|true&#8221; custom_padding_tablet=&#8221;0px|0%||0%|false|true&#8221; custom_padding_phone=&#8221;0px|0%||0%|false|true&#8221; custom_padding_last_edited=&#8221;on|tablet&#8221; global_colors_info=&#8221;{}&#8221;][et_pb_text _builder_version=&#8221;4.24.0&#8243; _module_preset=&#8221;default&#8221; global_colors_info=&#8221;{}&#8221;]<\/p>\n<h2>Supervisoren di k\u00f3digo <\/h2>\n<p>[\/et_pb_text][\/et_pb_column][\/et_pb_row][et_pb_row column_structure=&#8221;1_4,1_2,1_4&#8243; _builder_version=&#8221;4.24.0&#8243; _module_preset=&#8221;default&#8221; background_color=&#8221;gcid-9835d93e-354f-4cfe-9358-96477f1560f9&#8243; width=&#8221;100%&#8221; custom_padding=&#8221;0px|30px|0px|30px|false|true&#8221; global_colors_info=&#8221;{%22gcid-9835d93e-354f-4cfe-9358-96477f1560f9%22:%91%22background_color%22,%22background_color%22%93}&#8221;][et_pb_column type=&#8221;1_4&#8243; _builder_version=&#8221;4.19.5&#8243; _module_preset=&#8221;default&#8221; custom_padding=&#8221;30px|3%|0px|3%|false|true&#8221; custom_padding_tablet=&#8221;0px|0%||0%|false|true&#8221; custom_padding_phone=&#8221;0px|0%||0%|false|true&#8221; custom_padding_last_edited=&#8221;on|tablet&#8221; global_colors_info=&#8221;{}&#8221;][et_pb_image src=&#8221;https:\/\/kodigo.wp.kukiko.com\/wp-content\/uploads\/sites\/3\/2023\/02\/hulp1.jpg&#8221; title_text=&#8221;hulp1&#8243; _builder_version=&#8221;4.24.0&#8243; _module_preset=&#8221;default&#8221; width_tablet=&#8221;40%&#8221; width_phone=&#8221;60%&#8221; width_last_edited=&#8221;on|phone&#8221; global_colors_info=&#8221;{}&#8221;][\/et_pb_image][\/et_pb_column][et_pb_column type=&#8221;1_2&#8243; _builder_version=&#8221;4.19.5&#8243; _module_preset=&#8221;default&#8221; custom_padding=&#8221;30px|0px|30px|0px|true|true&#8221; global_colors_info=&#8221;{}&#8221;][et_pb_text _builder_version=&#8221;4.24.2&#8243; _module_preset=&#8221;default&#8221; text_font_size=&#8221;16px&#8221; header_6_font_size=&#8221;16px&#8221; hover_enabled=&#8221;0&#8243; global_colors_info=&#8221;{}&#8221; sticky_enabled=&#8221;0&#8243;]<\/p>\n<p>The supervisor di K\u00f3digo within an organization is a specialist in the field of child abuse and relational violence, and supports colleagues in initiating and applying all the steps of het K\u00f3digo di Protekshon. Every organization that is legally required to work with the K\u00f3digo di Protekshon has at least one Supervisor di K\u00f3digo available.<\/p>\n<p>[\/et_pb_text][\/et_pb_column][et_pb_column type=&#8221;1_4&#8243; _builder_version=&#8221;4.19.5&#8243; _module_preset=&#8221;default&#8221; custom_padding=&#8221;30px|3%|0px|3%|false|true&#8221; custom_padding_tablet=&#8221;0px|0%||0%|false|true&#8221; custom_padding_phone=&#8221;0px|0%||0%|false|true&#8221; custom_padding_last_edited=&#8221;on|tablet&#8221; global_colors_info=&#8221;{}&#8221;][\/et_pb_column][\/et_pb_row][et_pb_row _builder_version=&#8221;4.24.0&#8243; _module_preset=&#8221;default&#8221; background_color=&#8221;gcid-9835d93e-354f-4cfe-9358-96477f1560f9&#8243; width=&#8221;100%&#8221; custom_margin=&#8221;0px||0px||false|false&#8221; custom_padding=&#8221;0px|30px|0px|30px|false|true&#8221; global_colors_info=&#8221;{%22gcid-9835d93e-354f-4cfe-9358-96477f1560f9%22:%91%22background_color%22%93}&#8221;][et_pb_column type=&#8221;4_4&#8243; _builder_version=&#8221;4.24.0&#8243; _module_preset=&#8221;default&#8221; custom_padding=&#8221;30px|3%|0px|3%|false|true&#8221; custom_padding_tablet=&#8221;0px|0%||0%|false|true&#8221; custom_padding_phone=&#8221;0px|0%||0%|false|true&#8221; custom_padding_last_edited=&#8221;on|tablet&#8221; global_colors_info=&#8221;{}&#8221;][et_pb_text _builder_version=&#8221;4.24.0&#8243; _module_preset=&#8221;default&#8221; global_colors_info=&#8221;{}&#8221;]<\/p>\n<h2>Trainings, workshops and information sessions<\/h2>\n<p>[\/et_pb_text][\/et_pb_column][\/et_pb_row][et_pb_row column_structure=&#8221;1_4,1_2,1_4&#8243; _builder_version=&#8221;4.24.0&#8243; _module_preset=&#8221;default&#8221; background_color=&#8221;gcid-9835d93e-354f-4cfe-9358-96477f1560f9&#8243; width=&#8221;100%&#8221; custom_padding=&#8221;0px|30px|0px|30px|false|true&#8221; global_colors_info=&#8221;{%22gcid-9835d93e-354f-4cfe-9358-96477f1560f9%22:%91%22background_color%22,%22background_color%22,%22background_color%22%93}&#8221;][et_pb_column type=&#8221;1_4&#8243; _builder_version=&#8221;4.24.0&#8243; _module_preset=&#8221;default&#8221; custom_padding=&#8221;30px|3%|30px|3%|true|true&#8221; custom_padding_tablet=&#8221;0px|0%|0px|0%|true|true&#8221; custom_padding_phone=&#8221;0px|0%|0px|0%|true|true&#8221; custom_padding_last_edited=&#8221;on|tablet&#8221; global_colors_info=&#8221;{}&#8221;][et_pb_image src=&#8221;https:\/\/kodigo.wp.kukiko.com\/wp-content\/uploads\/sites\/3\/2023\/02\/school.jpg&#8221; title_text=&#8221;school&#8221; _builder_version=&#8221;4.24.0&#8243; _module_preset=&#8221;default&#8221; width_tablet=&#8221;40%&#8221; width_phone=&#8221;60%&#8221; width_last_edited=&#8221;on|phone&#8221; global_colors_info=&#8221;{}&#8221;][\/et_pb_image][\/et_pb_column][et_pb_column type=&#8221;1_2&#8243; _builder_version=&#8221;4.19.5&#8243; _module_preset=&#8221;default&#8221; custom_padding=&#8221;30px|0px|30px|0px|true|true&#8221; global_colors_info=&#8221;{}&#8221;][et_pb_text _builder_version=&#8221;4.24.2&#8243; _module_preset=&#8221;default&#8221; text_font_size=&#8221;16px&#8221; header_4_font_size=&#8221;19px&#8221; header_6_font_size=&#8221;16px&#8221; hover_enabled=&#8221;0&#8243; global_colors_info=&#8221;{}&#8221; sticky_enabled=&#8221;0&#8243;]<\/p>\n<h4>Train de trainer Supervisors di k\u00f3digo:<\/h4>\n<p>From 8 \u2013 11 April 2024, the National Association of Child Abuse And Relational Violence Attention Officers (LVAK) in the Netherlands will provide an advanced training for 15 selected trainer Supervisors di K\u00f3digo in Cura\u00e7ao.<\/p>\n<h4>Training Supervisors di k\u00f3digo:<\/h4>\n<p>Training Supervisors di K\u00f3digo: In April\/May 2024, the first groups of supervisors will be prepared for their role as supervisor through a three-day training by the trainer Supervisors di K\u00f3digo.<\/p>\n<h4>Discussion table: What is child abuse:<\/h4>\n<p>In March\/April 2024, interactive information sessions will be organized for professionals within the domains of welfare, education, health, and safety to establish a common understanding of child abuse, thereby improving the detection of cases.<\/p>\n<h4>Discussion table: What is relational violence:<\/h4>\n<p>In March\/April 2024, interactive information sessions will be organized for professionals within the domains of welfare, education, health, and safety to establish a common understanding of relational violence, thereby improving the detection of cases.<\/p>\n<p>[\/et_pb_text][\/et_pb_column][et_pb_column type=&#8221;1_4&#8243; _builder_version=&#8221;4.19.5&#8243; _module_preset=&#8221;default&#8221; custom_padding=&#8221;30px|3%|0px|3%|false|true&#8221; custom_padding_tablet=&#8221;0px|0%||0%|false|true&#8221; custom_padding_phone=&#8221;0px|0%||0%|false|true&#8221; custom_padding_last_edited=&#8221;on|tablet&#8221; global_colors_info=&#8221;{}&#8221;][\/et_pb_column][\/et_pb_row][\/et_pb_section]<\/p>\n","protected":false},"excerpt":{"rendered":"<p>Professionals in the field are supported in various ways in the implementation and application of the K\u00f3digo di Protekshon, including by appointing Supervisors di K\u00f3digo, organizing training sessions, workshops, and information sessions.Supervisoren di k\u00f3digo The supervisor di K\u00f3digo within an organization is a specialist in the field of child abuse and relational violence, and supports [&hellip;]<\/p>\n","protected":false},"author":6,"featured_media":1176,"parent":0,"menu_order":600,"comment_status":"closed","ping_status":"closed","template":"","meta":{"_et_pb_use_builder":"on","_et_pb_old_content":"","_et_gb_content_width":"","footnotes":""},"class_list":["post-1215","page","type-page","status-publish","has-post-thumbnail","hentry"],"_links":{"self":[{"href":"https:\/\/kodigodiprotekshon.com\/en\/wp-json\/wp\/v2\/pages\/1215","targetHints":{"allow":["GET"]}}],"collection":[{"href":"https:\/\/kodigodiprotekshon.com\/en\/wp-json\/wp\/v2\/pages"}],"about":[{"href":"https:\/\/kodigodiprotekshon.com\/en\/wp-json\/wp\/v2\/types\/page"}],"author":[{"embeddable":true,"href":"https:\/\/kodigodiprotekshon.com\/en\/wp-json\/wp\/v2\/users\/6"}],"replies":[{"embeddable":true,"href":"https:\/\/kodigodiprotekshon.com\/en\/wp-json\/wp\/v2\/comments?post=1215"}],"version-history":[{"count":0,"href":"https:\/\/kodigodiprotekshon.com\/en\/wp-json\/wp\/v2\/pages\/1215\/revisions"}],"wp:featuredmedia":[{"embeddable":true,"href":"https:\/\/kodigodiprotekshon.com\/en\/wp-json\/wp\/v2\/media\/1176"}],"wp:attachment":[{"href":"https:\/\/kodigodiprotekshon.com\/en\/wp-json\/wp\/v2\/media?parent=1215"}],"curies":[{"name":"wp","href":"https:\/\/api.w.org\/{rel}","templated":true}]}}